{"id":46,"date":"2022-10-23T16:51:54","date_gmt":"2022-10-23T16:51:54","guid":{"rendered":"https:\/\/www.bonkware.com\/?page_id=46"},"modified":"2023-03-08T14:40:20","modified_gmt":"2023-03-08T14:40:20","slug":"product-pricing-examples","status":"publish","type":"page","link":"https:\/\/bonkware.com\/en\/product-pricing-examples\/","title":{"rendered":"Pricing"},"content":{"rendered":"<div class=\"wp-block-cover alignfull is-light\"><span aria-hidden=\"true\" class=\"wp-block-cover__background has-background-dim-0 has-background-dim\"><\/span><img decoding=\"async\" loading=\"lazy\" width=\"1200\" height=\"693\" class=\"wp-block-cover__image-background wp-image-867\" alt=\"\" src=\"http:\/\/bonkware.com\/wp-content\/uploads\/2022\/12\/WEbsitesCut.jpg\" data-object-fit=\"cover\" srcset=\"https:\/\/bonkware.com\/wp-content\/uploads\/2022\/12\/WEbsitesCut.jpg 1200w, https:\/\/bonkware.com\/wp-content\/uploads\/2022\/12\/WEbsitesCut-300x173.jpg 300w, https:\/\/bonkware.com\/wp-content\/uploads\/2022\/12\/WEbsitesCut-1024x591.jpg 1024w, https:\/\/bonkware.com\/wp-content\/uploads\/2022\/12\/WEbsitesCut-768x444.jpg 768w\" sizes=\"(max-width: 1200px) 100vw, 1200px\" \/><div class=\"wp-block-cover__inner-container\">\n<h2 class=\"has-text-align-center has-background-color has-text-color\">Bundles<\/h2>\n\n\n\n<div style=\"height:1em\" aria-hidden=\"true\" class=\"wp-block-spacer\"><\/div>\n\n\n\n<div class=\"is-layout-flex wp-container-3 wp-block-columns are-vertically-aligned-center wp-block-column-custom-styling\" style=\"border-style:none;border-width:0px;border-radius:0px\">\n<div class=\"is-layout-flow wp-block-column is-vertically-aligned-center has-background-background-color has-background\" style=\"padding-top:0;padding-right:0;padding-bottom:0;padding-left:0\">\n<h3 class=\"has-text-align-center\">Business starter bundle<\/h3>\n\n\n\n<hr class=\"wp-block-separator has-alpha-channel-opacity\"\/>\n\n\n\n<p class=\"has-text-align-center has-x-large-font-size\">1400\u20ac<\/p>\n\n\n\n<p class=\"has-text-align-center has-large-font-size\"> 20\u20ac \/ mo<\/p>\n\n\n\n<p class=\"has-text-align-center has-small-font-size\" style=\"margin-top:0;margin-right:0;margin-bottom:0;margin-left:0\"><em>Billed annually<\/em><\/p>\n\n\n\n<div class=\"is-content-justification-center is-layout-flex wp-container-1 wp-block-buttons\">\n<div class=\"wp-block-button\"><a class=\"wp-block-button__link wp-element-button\" href=\"https:\/\/bonkware.com\/en\/contact-us\/\">Contact us<\/a><\/div>\n<\/div>\n\n\n\n<p class=\"has-text-align-center has-small-font-size\">3 pages with static content<\/p>\n\n\n\n<p class=\"has-text-align-center has-small-font-size\">1 email address for the domain<\/p>\n\n\n\n<p class=\"has-text-align-center has-small-font-size\">One portrait and one product photo*<\/p>\n<\/div>\n<\/div>\n\n\n\n<p>One portrait and one product photo*<\/p>\n\n\n\n<p>* Photos for the moment only locally at Joensuu<\/p>\n<\/div><\/div>\n\n\n\n<div class=\"wp-block-cover alignfull is-light\"><span aria-hidden=\"true\" class=\"wp-block-cover__background has-background-dim-0 has-background-dim\"><\/span><img decoding=\"async\" loading=\"lazy\" width=\"1200\" height=\"693\" class=\"wp-block-cover__image-background wp-image-867\" alt=\"\" src=\"http:\/\/bonkware.com\/wp-content\/uploads\/2022\/12\/WEbsitesCut.jpg\" data-object-fit=\"cover\" srcset=\"https:\/\/bonkware.com\/wp-content\/uploads\/2022\/12\/WEbsitesCut.jpg 1200w, https:\/\/bonkware.com\/wp-content\/uploads\/2022\/12\/WEbsitesCut-300x173.jpg 300w, https:\/\/bonkware.com\/wp-content\/uploads\/2022\/12\/WEbsitesCut-1024x591.jpg 1024w, https:\/\/bonkware.com\/wp-content\/uploads\/2022\/12\/WEbsitesCut-768x444.jpg 768w\" sizes=\"(max-width: 1200px) 100vw, 1200px\" \/><div class=\"wp-block-cover__inner-container\">\n<h2 class=\"has-text-align-center has-background-color has-text-color\">Websites<\/h2>\n\n\n\n<div style=\"height:1em\" aria-hidden=\"true\" class=\"wp-block-spacer\"><\/div>\n\n\n\n<div class=\"is-layout-flex wp-container-10 wp-block-columns are-vertically-aligned-center wp-block-column-custom-styling\" style=\"border-style:none;border-width:0px;border-radius:0px\">\n<div class=\"is-layout-flow wp-block-column is-vertically-aligned-center has-background-background-color has-background\" style=\"padding-top:0;padding-right:0;padding-bottom:0;padding-left:0\">\n<h3 class=\"has-text-align-center\">Simple web page<\/h3>\n\n\n\n<hr class=\"wp-block-separator has-alpha-channel-opacity\"\/>\n\n\n\n<p class=\"has-text-align-center has-x-large-font-size\">1500\u20ac<\/p>\n\n\n\n<p class=\"has-text-align-center has-large-font-size\"> 20\u20ac \/ mo<\/p>\n\n\n\n<p class=\"has-text-align-center has-small-font-size\" style=\"margin-top:0;margin-right:0;margin-bottom:0;margin-left:0\"><em><em>Billed annually<\/em><\/em><\/p>\n\n\n\n<div class=\"is-content-justification-center is-layout-flex wp-container-4 wp-block-buttons\">\n<div class=\"wp-block-button\"><a class=\"wp-block-button__link wp-element-button\" href=\"https:\/\/bonkware.com\/en\/contact-us\/\">Contact us<\/a><\/div>\n<\/div>\n\n\n\n<p class=\"has-text-align-center has-small-font-size\">3 pages with static content<\/p>\n\n\n\n<p class=\"has-text-align-center has-small-font-size\">1 email address for the domain<\/p>\n<\/div>\n\n\n\n<div class=\"is-layout-flow wp-block-column is-vertically-aligned-center has-background-background-color has-background\" style=\"padding-top:0;padding-right:0;padding-bottom:0;padding-left:0\">\n<h3 class=\"has-text-align-center\">Web page with a store<\/h3>\n\n\n\n<hr class=\"wp-block-separator has-alpha-channel-opacity\"\/>\n\n\n\n<p class=\"has-text-align-center has-x-large-font-size\">2200\u20ac<\/p>\n\n\n\n<p class=\"has-text-align-center has-large-font-size\">20\u20ac \/ mo<\/p>\n\n\n\n<p class=\"has-text-align-center has-small-font-size\" style=\"margin-top:0;margin-right:0;margin-bottom:0;margin-left:0\"><em><em>Billed annually<\/em><\/em><\/p>\n\n\n\n<div class=\"is-content-justification-center is-layout-flex wp-container-6 wp-block-buttons\">\n<div class=\"wp-block-button\"><a class=\"wp-block-button__link has-background wp-element-button\" href=\"https:\/\/bonkware.com\/en\/contact-us\/\" style=\"background-color:#01c38d\">Contact us<\/a><\/div>\n<\/div>\n\n\n\n<p class=\"has-text-align-center has-small-font-size\">3 sivua staattisella sis\u00e4ll\u00f6ll\u00e4, sis\u00e4lt\u00e4en verkkokaupan<\/p>\n\n\n\n<p class=\"has-text-align-center has-small-font-size\">1 email address for the domain<\/p>\n<\/div>\n\n\n\n<div class=\"is-layout-flow wp-block-column is-vertically-aligned-center has-background-background-color has-background\" style=\"padding-top:0;padding-right:0;padding-bottom:0;padding-left:0\">\n<h3 class=\"has-text-align-center\">Custom web page<\/h3>\n\n\n\n<hr class=\"wp-block-separator has-alpha-channel-opacity\"\/>\n\n\n\n<p class=\"has-text-align-center has-x-large-font-size\">Contact us for pricing<\/p>\n\n\n\n<p class=\"has-text-align-center has-large-font-size\">?\u20ac<\/p>\n\n\n\n<p class=\"has-text-align-center has-small-font-size\" style=\"margin-top:0;margin-right:0;margin-bottom:0;margin-left:0\"><em><em>Billed annually<\/em><\/em><\/p>\n\n\n\n<div class=\"is-content-justification-center is-layout-flex wp-container-8 wp-block-buttons\">\n<div class=\"wp-block-button\"><a class=\"wp-block-button__link has-background wp-element-button\" href=\"https:\/\/bonkware.com\/en\/contact-us\/\" style=\"background-color:#01c38d\">Contact us<\/a><\/div>\n<\/div>\n\n\n\n<p class=\"has-text-align-center has-small-font-size\">Multiple email addresses possible<\/p>\n\n\n\n<p class=\"has-text-align-center has-small-font-size\">Building integrations<\/p>\n<\/div>\n<\/div>\n\n\n\n<p class=\"has-text-align-center has-background-color has-text-color has-large-font-size\"><\/p>\n<\/div><\/div>\n\n\n\n<div style=\"height:1em\" aria-hidden=\"true\" class=\"wp-block-spacer\"><\/div>\n\n\n\n<div class=\"wp-block-cover alignfull is-light\"><span aria-hidden=\"true\" class=\"wp-block-cover__background has-background-dim-0 has-background-dim\"><\/span><img decoding=\"async\" loading=\"lazy\" width=\"1200\" height=\"675\" class=\"wp-block-cover__image-background wp-image-875\" alt=\"\" src=\"http:\/\/bonkware.com\/wp-content\/uploads\/2022\/12\/cameraCut.jpg\" data-object-fit=\"cover\" srcset=\"https:\/\/bonkware.com\/wp-content\/uploads\/2022\/12\/cameraCut.jpg 1200w, https:\/\/bonkware.com\/wp-content\/uploads\/2022\/12\/cameraCut-300x169.jpg 300w, https:\/\/bonkware.com\/wp-content\/uploads\/2022\/12\/cameraCut-1024x576.jpg 1024w, https:\/\/bonkware.com\/wp-content\/uploads\/2022\/12\/cameraCut-768x432.jpg 768w\" sizes=\"(max-width: 1200px) 100vw, 1200px\" \/><div class=\"wp-block-cover__inner-container\">\n<h2 class=\"has-text-align-center has-background-color has-text-color\">Photography<\/h2>\n\n\n\n<div style=\"height:1em\" aria-hidden=\"true\" class=\"wp-block-spacer\"><\/div>\n\n\n\n<div class=\"is-layout-flex wp-container-19 wp-block-columns are-vertically-aligned-center wp-block-column-custom-styling\" style=\"border-style:none;border-width:0px;border-radius:0px\">\n<div class=\"is-layout-flow wp-block-column is-vertically-aligned-center has-background-background-color has-background\" style=\"padding-top:0;padding-right:0;padding-bottom:0;padding-left:0\">\n<h3 class=\"has-text-align-center\">Portraits<\/h3>\n\n\n\n<hr class=\"wp-block-separator has-alpha-channel-opacity\"\/>\n\n\n\n<p class=\"has-text-align-center has-large-font-size\">50\u20ac \/ person<\/p>\n\n\n\n<div class=\"is-content-justification-center is-layout-flex wp-container-11 wp-block-buttons\">\n<div class=\"wp-block-button\"><a class=\"wp-block-button__link has-background wp-element-button\" href=\"https:\/\/bonkware.com\/en\/contact-us\/\" style=\"background-color:#01c38d\">Contact us<\/a><\/div>\n<\/div>\n\n\n\n<p class=\"has-text-align-center has-small-font-size\">Includes one retouched photo*<\/p>\n\n\n\n<p class=\"has-text-align-center has-small-font-size\">Extra retouching billed 50\u20ac \/ hour<\/p>\n<\/div>\n\n\n\n<div class=\"is-layout-flow wp-block-column is-vertically-aligned-center has-background-background-color has-background\" style=\"padding-top:0;padding-right:0;padding-bottom:0;padding-left:0\">\n<h3 class=\"has-text-align-center\">Half-day<\/h3>\n\n\n\n<hr class=\"wp-block-separator has-alpha-channel-opacity\"\/>\n\n\n\n<p class=\"has-text-align-center has-large-font-size\">400\u20ac<\/p>\n\n\n\n<div class=\"is-content-justification-center is-layout-flex wp-container-13 wp-block-buttons\">\n<div class=\"wp-block-button\"><a class=\"wp-block-button__link has-background wp-element-button\" href=\"https:\/\/bonkware.com\/en\/contact-us\/\" style=\"background-color:#01c38d\">Contact us<\/a><\/div>\n<\/div>\n\n\n\n<p class=\"has-text-align-center has-small-font-size\">4 hours of photography<\/p>\n\n\n\n<p class=\"has-text-align-center has-small-font-size\">Includes five retouched photos*<\/p>\n\n\n\n<p class=\"has-text-align-center has-small-font-size\">Extra retouching billed 50\u20ac \/ hour<\/p>\n<\/div>\n\n\n\n<div class=\"is-layout-flow wp-block-column is-vertically-aligned-center has-background-background-color has-background\" style=\"padding-top:0;padding-right:0;padding-bottom:0;padding-left:0\">\n<h3 class=\"has-text-align-center\">Full-day<\/h3>\n\n\n\n<hr class=\"wp-block-separator has-alpha-channel-opacity\"\/>\n\n\n\n<p class=\"has-text-align-center has-large-font-size\">700\u20ac<\/p>\n\n\n\n<div class=\"is-content-justification-center is-layout-flex wp-container-15 wp-block-buttons\">\n<div class=\"wp-block-button\"><a class=\"wp-block-button__link has-background wp-element-button\" href=\"https:\/\/bonkware.com\/en\/contact-us\/\" style=\"background-color:#01c38d\">Contact us<\/a><\/div>\n<\/div>\n\n\n\n<p class=\"has-text-align-center has-small-font-size\">Includes five retouched photos*<\/p>\n\n\n\n<p class=\"has-text-align-center has-small-font-size\">Extra retouching billed 50\u20ac \/ hour<\/p>\n\n\n\n<p class=\"has-text-align-center has-small-font-size\">8 hours of photography<\/p>\n<\/div>\n\n\n\n<div class=\"is-layout-flow wp-block-column is-vertically-aligned-center has-background-background-color has-background\" style=\"padding-top:0;padding-right:0;padding-bottom:0;padding-left:0\">\n<h3 class=\"has-text-align-center\">Product photos<\/h3>\n\n\n\n<hr class=\"wp-block-separator has-alpha-channel-opacity\"\/>\n\n\n\n<p class=\"has-text-align-center has-large-font-size\">30\u20ac \/ item<\/p>\n\n\n\n<div class=\"is-content-justification-center is-layout-flex wp-container-17 wp-block-buttons\">\n<div class=\"wp-block-button\"><a class=\"wp-block-button__link has-background wp-element-button\" href=\"https:\/\/bonkware.com\/en\/contact-us\/\" style=\"background-color:#01c38d\">Contact us<\/a><\/div>\n<\/div>\n\n\n\n<p class=\"has-text-align-center has-small-font-size\">Includes retouching of the photo<\/p>\n\n\n\n<p class=\"has-text-align-center has-small-font-size\">Simple retouching*<\/p>\n<\/div>\n<\/div>\n\n\n\n<p class=\"has-small-font-size\"><em>The buyer gets all rights to the content<\/em><\/p>\n\n\n\n<p class=\"has-small-font-size\"><em>Extra media work 50\u20ac \/ hour<\/em><\/p>\n\n\n\n<p class=\"has-small-font-size\"><em>* Color correction, Blemishes and stray hair removal, Skin tone enhancement, Background enhancement<\/em><\/p>\n\n\n\n<div style=\"height:100px\" aria-hidden=\"true\" class=\"wp-block-spacer\"><\/div>\n\n\n\n<p class=\"has-text-align-center\">All prices are VAT 0%<\/p>\n<\/div><\/div>\n\n\n\n<div style=\"height:1em\" aria-hidden=\"true\" class=\"wp-block-spacer\"><\/div>\n\n\n\n<div style=\"height:2em\" aria-hidden=\"true\" class=\"wp-block-spacer\"><\/div>","protected":false},"excerpt":{"rendered":"","protected":false},"author":3,"featured_media":0,"parent":0,"menu_order":0,"comment_status":"closed","ping_status":"closed","template":"","meta":[],"_links":{"self":[{"href":"https:\/\/bonkware.com\/en\/wp-json\/wp\/v2\/pages\/46"}],"collection":[{"href":"https:\/\/bonkware.com\/en\/wp-json\/wp\/v2\/pages"}],"about":[{"href":"https:\/\/bonkware.com\/en\/wp-json\/wp\/v2\/types\/page"}],"author":[{"embeddable":true,"href":"https:\/\/bonkware.com\/en\/wp-json\/wp\/v2\/users\/3"}],"replies":[{"embeddable":true,"href":"https:\/\/bonkware.com\/en\/wp-json\/wp\/v2\/comments?post=46"}],"version-history":[{"count":121,"href":"https:\/\/bonkware.com\/en\/wp-json\/wp\/v2\/pages\/46\/revisions"}],"predecessor-version":[{"id":1138,"href":"https:\/\/bonkware.com\/en\/wp-json\/wp\/v2\/pages\/46\/revisions\/1138"}],"wp:attachment":[{"href":"https:\/\/bonkware.com\/en\/wp-json\/wp\/v2\/media?parent=46"}],"curies":[{"name":"wp","href":"https:\/\/api.w.org\/{rel}","templated":true}]}}