{"id":127,"date":"2022-10-24T17:13:18","date_gmt":"2022-10-24T17:13:18","guid":{"rendered":"https:\/\/www.bonkware.com\/?page_id=127"},"modified":"2022-12-29T17:58:37","modified_gmt":"2022-12-29T17:58:37","slug":"contact-us","status":"publish","type":"page","link":"https:\/\/bonkware.com\/en\/contact-us\/","title":{"rendered":"Contact us"},"content":{"rendered":"<div class=\"wp-block-cover alignfull is-light\" style=\"min-height:765px\"><span aria-hidden=\"true\" class=\"wp-block-cover__background has-primary-background-color has-background-dim-0 has-background-dim\"><\/span><img decoding=\"async\" loading=\"lazy\" width=\"2560\" height=\"1708\" class=\"wp-block-cover__image-background wp-image-1090\" alt=\"\" src=\"http:\/\/bonkware.com\/wp-content\/uploads\/2022\/12\/towfiqu-barbhuiya-6FpGIdn45_A-unsplash-scaled.jpg\" data-object-fit=\"cover\" srcset=\"https:\/\/bonkware.com\/wp-content\/uploads\/2022\/12\/towfiqu-barbhuiya-6FpGIdn45_A-unsplash-scaled.jpg 2560w, https:\/\/bonkware.com\/wp-content\/uploads\/2022\/12\/towfiqu-barbhuiya-6FpGIdn45_A-unsplash-300x200.jpg 300w, https:\/\/bonkware.com\/wp-content\/uploads\/2022\/12\/towfiqu-barbhuiya-6FpGIdn45_A-unsplash-1024x683.jpg 1024w, https:\/\/bonkware.com\/wp-content\/uploads\/2022\/12\/towfiqu-barbhuiya-6FpGIdn45_A-unsplash-768x512.jpg 768w, https:\/\/bonkware.com\/wp-content\/uploads\/2022\/12\/towfiqu-barbhuiya-6FpGIdn45_A-unsplash-1536x1025.jpg 1536w, https:\/\/bonkware.com\/wp-content\/uploads\/2022\/12\/towfiqu-barbhuiya-6FpGIdn45_A-unsplash-2048x1367.jpg 2048w, https:\/\/bonkware.com\/wp-content\/uploads\/2022\/12\/towfiqu-barbhuiya-6FpGIdn45_A-unsplash-18x12.jpg 18w\" sizes=\"(max-width: 2560px) 100vw, 2560px\" \/><div class=\"wp-block-cover__inner-container\">\n<p class=\"has-text-align-center has-background-color has-text-color has-large-font-size\">Ota yhteytt\u00e4 l\u00e4hett\u00e4m\u00e4ll\u00e4 meille s\u00e4hk\u00f6postia osoitteeseen bonkwareoy@gmail.com<\/p>\n<\/div><\/div>","protected":false},"excerpt":{"rendered":"","protected":false},"author":3,"featured_media":0,"parent":0,"menu_order":0,"comment_status":"closed","ping_status":"closed","template":"","meta":[],"_links":{"self":[{"href":"https:\/\/bonkware.com\/en\/wp-json\/wp\/v2\/pages\/127"}],"collection":[{"href":"https:\/\/bonkware.com\/en\/wp-json\/wp\/v2\/pages"}],"about":[{"href":"https:\/\/bonkware.com\/en\/wp-json\/wp\/v2\/types\/page"}],"author":[{"embeddable":true,"href":"https:\/\/bonkware.com\/en\/wp-json\/wp\/v2\/users\/3"}],"replies":[{"embeddable":true,"href":"https:\/\/bonkware.com\/en\/wp-json\/wp\/v2\/comments?post=127"}],"version-history":[{"count":52,"href":"https:\/\/bonkware.com\/en\/wp-json\/wp\/v2\/pages\/127\/revisions"}],"predecessor-version":[{"id":1097,"href":"https:\/\/bonkware.com\/en\/wp-json\/wp\/v2\/pages\/127\/revisions\/1097"}],"wp:attachment":[{"href":"https:\/\/bonkware.com\/en\/wp-json\/wp\/v2\/media?parent=127"}],"curies":[{"name":"wp","href":"https:\/\/api.w.org\/{rel}","templated":true}]}}